{"id":2157,"date":"2025-10-13T14:40:00","date_gmt":"2025-10-13T11:40:00","guid":{"rendered":"https:\/\/casino-site-ampmoon.top\/?page_id=2157"},"modified":"2026-01-31T18:25:01","modified_gmt":"2026-01-31T16:25:01","slug":"haqqimizda","status":"publish","type":"page","link":"https:\/\/casino-site-ampmoon.top\/az\/haqqimizda\/","title":{"rendered":"Haqq\u0131m\u0131zda"},"content":{"rendered":"<h1>Haqq\u0131m\u0131zda<\/h1>\n<p>Biz sad\u0259c\u0259 oyun platformas\u0131 yaratm\u0131r\u0131q \u2014 azadl\u0131q, texnologiya, d\u00fcr\u00fcstl\u00fck v\u0259 \u0259yl\u0259nc\u0259ni bir araya g\u0259tir\u0259n bir ekosistem qururuq. F\u0259ls\u0259f\u0259miz h\u0259r bir istifad\u0259\u00e7iy\u0259 h\u00f6rm\u0259t v\u0259 t\u0259hl\u00fck\u0259siz, \u015f\u0259ffaf, rahat oyun m\u00fchitini t\u0259min etm\u0259k \u00f6hd\u0259liyin\u0259 \u0259saslan\u0131r.<\/p>\n<h3>T\u0259klif etdikl\u0259rimiz<\/h3>\n<p>Platformam\u0131z m\u00fcasir r\u0259q\u0259msal m\u0259kand\u0131r v\u0259 burada onlayn \u0259yl\u0259nc\u0259nin b\u00fct\u00fcn \u0259sas istiqam\u0259tl\u0259ri birl\u0259\u015fir: idman m\u0259rc oyunlar\u0131, canl\u0131 t\u0259dbirl\u0259r, onlayn kazino, slotlar, virtual idman n\u00f6vl\u0259ri v\u0259 kibersport. G\u00fcnd\u0259lik minl\u0259rl\u0259 hadis\u0259y\u0259 v\u0259 geni\u015f bazar se\u00e7imin\u0259 \u00e7\u0131x\u0131\u015f imkan\u0131 yaradaraq, biz oyunu h\u0259m dinamik, h\u0259m d\u0259 \u0259l\u00e7atan edirik. \u0130st\u0259r t\u0259cr\u00fcb\u0259li oyun\u00e7u, ist\u0259rs\u0259 d\u0259 yeni ba\u015flayan olma\u011f\u0131n\u0131zdan as\u0131l\u0131 olmayaraq, intuitiv interfeys v\u0259 \u00e7evik d\u0259st\u0259k komandam\u0131z rahat ba\u015flan\u011f\u0131c v\u0259 m\u00fcsb\u0259t t\u0259cr\u00fcb\u0259 t\u0259min edir.<\/p>\n<h3>Niy\u0259 biz\u0259 etibar edirl\u0259r<\/h3>\n<p>Etimad \u015f\u0259ffafl\u0131q v\u0259 \u0259dal\u0259t \u00fcz\u0259rind\u0259 qurulur. Platformam\u0131zda b\u00fct\u00fcn \u0259m\u0259liyyatlar t\u0259hl\u00fck\u0259siz v\u0259 s\u00fcr\u0259tli \u015f\u0259kild\u0259 h\u0259yata ke\u00e7irilir, \u0259msallar gizli \u015f\u0259rtl\u0259r olmadan g\u00f6st\u0259rilir v\u0259 oyunlar yaln\u0131z lisenziyal\u0131 v\u0259 yoxlan\u0131lm\u0131\u015f provayderl\u0259r t\u0259r\u0259find\u0259n t\u0259qdim olunur. Biz t\u0259zyiq v\u0259 ya y\u00f6nl\u0259ndirm\u0259 t\u0259tbiq etmirik \u2014 h\u0259r bir istifad\u0259\u00e7i n\u0259 q\u0259d\u0259r v\u0259 nec\u0259 oynayaca\u011f\u0131na \u00f6z\u00fc q\u0259rar verir.<\/p>\n<h3>\u018fl\u00e7atanl\u0131q v\u0259 Rahatl\u0131q<\/h3>\n<p>Biziml\u0259 oyun m\u0259kandan v\u0259 zamandan as\u0131l\u0131 deyil. Platforma tam \u015f\u0259kild\u0259 smartfonlar, plan\u015fetl\u0259r v\u0259 komp\u00fcterl\u0259r \u00fc\u00e7\u00fcn optimalla\u015fd\u0131r\u0131l\u0131b. Android v\u0259 iOS \u00fc\u00e7\u00fcn haz\u0131rlad\u0131\u011f\u0131m\u0131z mobil t\u0259tbiql\u0259r sayta tam funksional \u00e7\u0131x\u0131\u015f, ani bildiri\u015fl\u0259r v\u0259 m\u0259rcl\u0259rin asan idar\u0259 edilm\u0259sini t\u0259min edir. \u0130st\u0259nil\u0259n yerd\u0259 oynamaq rahat v\u0259 sad\u0259dir.<\/p>\n<h3>M\u0259suliyy\u0259tli Oyun \u2014 \u018fsas D\u0259y\u0259rimiz<\/h3>\n<p>Biz m\u0259suliyy\u0259tli oyun prinsipl\u0259rini ciddi \u015f\u0259kild\u0259 d\u0259st\u0259kl\u0259yirik. Platformada oyun\u00e7ulara balans\u0131 qoruma\u011fa k\u00f6m\u0259k ed\u0259n al\u0259tl\u0259r t\u0259qdim olunur \u2014 m\u0259rcl\u0259r\u0259 limit qoymaq, vaxt xat\u0131rlatmalar\u0131 v\u0259 m\u00fcv\u0259qq\u0259ti \u00f6z\u00fcn\u00fc m\u0259hdudla\u015fd\u0131rma funksiyalar\u0131. Biz inan\u0131r\u0131q ki, oyun\u00e7unun rifah\u0131 v\u0259 rahatl\u0131\u011f\u0131 h\u0259r \u015feyd\u0259n vacibdir, v\u0259zif\u0259miz is\u0259 t\u0259hl\u00fck\u0259siz v\u0259 n\u0259zar\u0259t olunan oyun m\u00fchiti yaratmaqd\u0131r.<\/p>\n<h3>Oyun\u00e7u \u2014 Diqq\u0259t M\u0259rk\u0259zind\u0259<\/h3>\n<p>Platformam\u0131z yaln\u0131z xidm\u0259tl\u0259rd\u0259n ibar\u0259t deyil \u2014 bu, bir icmad\u0131r. H\u0259r bir oyun\u00e7u bizim \u00fc\u00e7\u00fcn d\u0259y\u0259rlidir v\u0259 biz onlar\u0131n ehtiyaclar\u0131n\u0131 v\u0259 g\u00f6zl\u0259ntil\u0259rini qar\u015f\u0131lama\u011fa \u00e7al\u0131\u015f\u0131r\u0131q. D\u0259st\u0259k komandam\u0131z 24\/7 f\u0259aliyy\u0259t g\u00f6st\u0259rir v\u0259 standart cavablarla kifay\u0259tl\u0259nmir \u2014 biz h\u0259qiq\u0259t\u0259n d\u0259 probleml\u0259ri h\u0259ll edirik.<\/p>\n<h3>M\u0259lumatlar\u0131n v\u0259 \u018fm\u0259liyyatlar\u0131n T\u0259hl\u00fck\u0259sizliyi<\/h3>\n<p>T\u0259hl\u00fck\u0259sizlik bizim \u00fc\u00e7\u00fcn prioritetdir. Biz m\u0259lumatlar\u0131n qorunmas\u0131 \u00fc\u00e7\u00fcn qabaqc\u0131l \u015fifr\u0259l\u0259m\u0259 texnologiyalar\u0131ndan, \u00e7oxm\u0259rh\u0259l\u0259li autentifikasiyadan v\u0259 davaml\u0131 audit sisteml\u0259rind\u0259n istifad\u0259 edirik. B\u00fct\u00fcn maliyy\u0259 v\u0259 \u015f\u0259xsi m\u0259lumatlar beyn\u0259lxalq t\u0259hl\u00fck\u0259sizlik standartlar\u0131na v\u0259 qanunvericiliy\u0259 uy\u011fun \u015f\u0259kild\u0259 qorunur.<\/p>\n<h3>\u0130nnovasiya v\u0259 \u0130nki\u015faf<\/h3>\n<p>\u0130nki\u015faf bizim \u0259sas m\u0259qs\u0259dimizdir. Biz platforman\u0131 daima t\u0259kmill\u0259\u015fdiririk \u2014 yeni texnologiyalar t\u0259tbiq edirik, dizayn\u0131 yenil\u0259yirik, oyun b\u00f6lm\u0259l\u0259rini v\u0259 bonus sistemini geni\u015fl\u0259ndiririk. H\u0259r bir yenil\u0259m\u0259 daha \u00e7evik, daha s\u00fcr\u0259tli v\u0259 daha a\u011f\u0131ll\u0131 sistem\u0259 do\u011fru bir add\u0131md\u0131r. Biz istifad\u0259\u00e7il\u0259rimizi dinl\u0259yir v\u0259 onlar\u0131n fikirl\u0259rini yeni funksiyalar\u0131n yarad\u0131lmas\u0131nda n\u0259z\u0259r\u0259 al\u0131r\u0131q.<\/p>\n<h3>Bonuslar v\u0259 T\u0259klifl\u0259r<\/h3>\n<p>Biz h\u0259r bir oyun\u00e7unu \u2014 h\u0259m yeni, h\u0259m d\u0259 daimi istifad\u0259\u00e7il\u0259ri d\u0259y\u0259rl\u0259ndiririk. Bonus sistemimiz t\u0259kc\u0259 xo\u015f g\u0259lmisiniz paketl\u0259ri deyil, h\u0259m d\u0259 m\u00fcnt\u0259z\u0259m aksiyalar, ke\u015fbek proqramlar\u0131, turnirl\u0259r, h\u0259diyy\u0259 udu\u015flar\u0131 v\u0259 sadiqlik m\u00fckafatlar\u0131n\u0131 \u0259hat\u0259 edir. Bunlar sad\u0259c\u0259 marketinq vasit\u0259l\u0259ri deyil, oyun t\u0259cr\u00fcb\u0259sini daha maraql\u0131 v\u0259 z\u00f6vql\u00fc ed\u0259n real imkanlard\u0131r.<\/p>\n<h3>Biziml\u0259 Qo\u015fulun<\/h3>\n<p>Biz el\u0259 bir m\u0259kan yarad\u0131r\u0131q ki, burada oyun risk deyil, \u015f\u00fcurlu se\u00e7imdir. Burada h\u0259r k\u0259s rahat, azad v\u0259 h\u00f6rm\u0259tl\u0259 qar\u015f\u0131lan\u0131r. \u018fg\u0259r siz oyun\u00e7ulara h\u00f6rm\u0259t edil\u0259n, d\u00fc\u015f\u00fcn\u00fclm\u00fc\u015f yana\u015fman\u0131n \u0259sas oldu\u011fu v\u0259 m\u0259rcin sad\u0259c\u0259 \u0259yl\u0259nc\u0259li bir hobbiy\u0259 \u00e7evrildiyi bir platforma axtar\u0131rs\u0131n\u0131zsa \u2014 do\u011fru yerd\u0259siniz.<\/p>\n","protected":false},"excerpt":{"rendered":"<p>Haqq\u0131m\u0131zda Biz sad\u0259c\u0259 oyun platformas\u0131 yaratm\u0131r\u0131q \u2014 azadl\u0131q, texnologiya, d\u00fcr\u00fcstl\u00fck v\u0259 \u0259yl\u0259nc\u0259ni bir araya g\u0259tir\u0259n bir ekosistem qururuq. F\u0259ls\u0259f\u0259miz h\u0259r bir istifad\u0259\u00e7iy\u0259 h\u00f6rm\u0259t v\u0259 t\u0259hl\u00fck\u0259siz, \u015f\u0259ffaf, rahat oyun m\u00fchitini t\u0259min etm\u0259k \u00f6hd\u0259liyin\u0259 \u0259saslan\u0131r. T\u0259klif etdikl\u0259rimiz Platformam\u0131z m\u00fcasir r\u0259q\u0259msal m\u0259kand\u0131r v\u0259 burada onlayn \u0259yl\u0259nc\u0259nin b\u00fct\u00fcn \u0259sas istiqam\u0259tl\u0259ri birl\u0259\u015fir: idman m\u0259rc oyunlar\u0131, canl\u0131 t\u0259dbirl\u0259r, onlayn kazino, slotlar, [&hellip;]<\/p>\n","protected":false},"author":1,"featured_media":0,"parent":0,"menu_order":0,"comment_status":"closed","ping_status":"closed","template":"","meta":{"_acf_changed":false,"footnotes":""},"class_list":["post-2157","page","type-page","status-publish","hentry"],"acf":[],"yoast_head":"<!-- This site is optimized with the Yoast SEO plugin v26.9 - https:\/\/yoast.com\/product\/yoast-seo-wordpress\/ -->\n<title>1xbet | Haqq\u0131m\u0131zda<\/title>\n<meta name=\"robots\" content=\"index, follow, max-snippet:-1, max-image-preview:large, max-video-preview:-1\" \/>\n<link rel=\"canonical\" href=\"https:\/\/casino-site-ampmoon.top\/az\/haqqimizda\/\" \/>\n<meta property=\"og:locale\" content=\"ru_RU\" \/>\n<meta property=\"og:type\" content=\"article\" \/>\n<meta property=\"og:title\" content=\"1xbet | Haqq\u0131m\u0131zda\" \/>\n<meta property=\"og:description\" content=\"Haqq\u0131m\u0131zda Biz sad\u0259c\u0259 oyun platformas\u0131 yaratm\u0131r\u0131q \u2014 azadl\u0131q, texnologiya, d\u00fcr\u00fcstl\u00fck v\u0259 \u0259yl\u0259nc\u0259ni bir araya g\u0259tir\u0259n bir ekosistem qururuq. F\u0259ls\u0259f\u0259miz h\u0259r bir istifad\u0259\u00e7iy\u0259 h\u00f6rm\u0259t v\u0259 t\u0259hl\u00fck\u0259siz, \u015f\u0259ffaf, rahat oyun m\u00fchitini t\u0259min etm\u0259k \u00f6hd\u0259liyin\u0259 \u0259saslan\u0131r. T\u0259klif etdikl\u0259rimiz Platformam\u0131z m\u00fcasir r\u0259q\u0259msal m\u0259kand\u0131r v\u0259 burada onlayn \u0259yl\u0259nc\u0259nin b\u00fct\u00fcn \u0259sas istiqam\u0259tl\u0259ri birl\u0259\u015fir: idman m\u0259rc oyunlar\u0131, canl\u0131 t\u0259dbirl\u0259r, onlayn kazino, slotlar, [&hellip;]\" \/>\n<meta property=\"og:url\" content=\"https:\/\/casino-site-ampmoon.top\/az\/haqqimizda\/\" \/>\n<meta property=\"og:site_name\" content=\"casino-site-ampmoon.top\" \/>\n<meta property=\"article:modified_time\" content=\"2026-01-31T16:25:01+00:00\" \/>\n<meta name=\"twitter:card\" content=\"summary_large_image\" \/>\n<meta name=\"twitter:label1\" content=\"\u041f\u0440\u0438\u043c\u0435\u0440\u043d\u043e\u0435 \u0432\u0440\u0435\u043c\u044f \u0434\u043b\u044f \u0447\u0442\u0435\u043d\u0438\u044f\" \/>\n\t<meta name=\"twitter:data1\" content=\"3 \u043c\u0438\u043d\u0443\u0442\u044b\" \/>\n<script type=\"application\/ld+json\" class=\"yoast-schema-graph\">{\"@context\":\"https:\/\/schema.org\",\"@graph\":[{\"@type\":\"WebPage\",\"@id\":\"https:\/\/casino-site-ampmoon.top\/az\/haqqimizda\/\",\"url\":\"https:\/\/casino-site-ampmoon.top\/az\/haqqimizda\/\",\"name\":\"1xbet | Haqq\u0131m\u0131zda\",\"isPartOf\":{\"@id\":\"https:\/\/casino-site-ampmoon.top\/#website\"},\"datePublished\":\"2025-10-13T11:40:00+00:00\",\"dateModified\":\"2026-01-31T16:25:01+00:00\",\"breadcrumb\":{\"@id\":\"https:\/\/casino-site-ampmoon.top\/az\/haqqimizda\/#breadcrumb\"},\"inLanguage\":\"ru-RU\",\"potentialAction\":[{\"@type\":\"ReadAction\",\"target\":[\"https:\/\/casino-site-ampmoon.top\/az\/haqqimizda\/\"]}]},{\"@type\":\"BreadcrumbList\",\"@id\":\"https:\/\/casino-site-ampmoon.top\/az\/haqqimizda\/#breadcrumb\",\"itemListElement\":[{\"@type\":\"ListItem\",\"position\":1,\"name\":\"\u0413\u043b\u0430\u0432\u043d\u0430\u044f \u0441\u0442\u0440\u0430\u043d\u0438\u0446\u0430\",\"item\":\"https:\/\/casino-site-ampmoon.top\/az\/\"},{\"@type\":\"ListItem\",\"position\":2,\"name\":\"Haqq\u0131m\u0131zda\"}]},{\"@type\":\"WebSite\",\"@id\":\"https:\/\/casino-site-ampmoon.top\/#website\",\"url\":\"https:\/\/casino-site-ampmoon.top\/\",\"name\":\"casino-site-ampmoon.top\",\"description\":\"\",\"potentialAction\":[{\"@type\":\"SearchAction\",\"target\":{\"@type\":\"EntryPoint\",\"urlTemplate\":\"https:\/\/casino-site-ampmoon.top\/?s={search_term_string}\"},\"query-input\":{\"@type\":\"PropertyValueSpecification\",\"valueRequired\":true,\"valueName\":\"search_term_string\"}}],\"inLanguage\":\"ru-RU\"}]}<\/script>\n<!-- \/ Yoast SEO plugin. -->","yoast_head_json":{"title":"1xbet | Haqq\u0131m\u0131zda","robots":{"index":"index","follow":"follow","max-snippet":"max-snippet:-1","max-image-preview":"max-image-preview:large","max-video-preview":"max-video-preview:-1"},"canonical":"https:\/\/casino-site-ampmoon.top\/az\/haqqimizda\/","og_locale":"ru_RU","og_type":"article","og_title":"1xbet | Haqq\u0131m\u0131zda","og_description":"Haqq\u0131m\u0131zda Biz sad\u0259c\u0259 oyun platformas\u0131 yaratm\u0131r\u0131q \u2014 azadl\u0131q, texnologiya, d\u00fcr\u00fcstl\u00fck v\u0259 \u0259yl\u0259nc\u0259ni bir araya g\u0259tir\u0259n bir ekosistem qururuq. F\u0259ls\u0259f\u0259miz h\u0259r bir istifad\u0259\u00e7iy\u0259 h\u00f6rm\u0259t v\u0259 t\u0259hl\u00fck\u0259siz, \u015f\u0259ffaf, rahat oyun m\u00fchitini t\u0259min etm\u0259k \u00f6hd\u0259liyin\u0259 \u0259saslan\u0131r. T\u0259klif etdikl\u0259rimiz Platformam\u0131z m\u00fcasir r\u0259q\u0259msal m\u0259kand\u0131r v\u0259 burada onlayn \u0259yl\u0259nc\u0259nin b\u00fct\u00fcn \u0259sas istiqam\u0259tl\u0259ri birl\u0259\u015fir: idman m\u0259rc oyunlar\u0131, canl\u0131 t\u0259dbirl\u0259r, onlayn kazino, slotlar, [&hellip;]","og_url":"https:\/\/casino-site-ampmoon.top\/az\/haqqimizda\/","og_site_name":"casino-site-ampmoon.top","article_modified_time":"2026-01-31T16:25:01+00:00","twitter_card":"summary_large_image","twitter_misc":{"\u041f\u0440\u0438\u043c\u0435\u0440\u043d\u043e\u0435 \u0432\u0440\u0435\u043c\u044f \u0434\u043b\u044f \u0447\u0442\u0435\u043d\u0438\u044f":"3 \u043c\u0438\u043d\u0443\u0442\u044b"},"schema":{"@context":"https:\/\/schema.org","@graph":[{"@type":"WebPage","@id":"https:\/\/casino-site-ampmoon.top\/az\/haqqimizda\/","url":"https:\/\/casino-site-ampmoon.top\/az\/haqqimizda\/","name":"1xbet | Haqq\u0131m\u0131zda","isPartOf":{"@id":"https:\/\/casino-site-ampmoon.top\/#website"},"datePublished":"2025-10-13T11:40:00+00:00","dateModified":"2026-01-31T16:25:01+00:00","breadcrumb":{"@id":"https:\/\/casino-site-ampmoon.top\/az\/haqqimizda\/#breadcrumb"},"inLanguage":"ru-RU","potentialAction":[{"@type":"ReadAction","target":["https:\/\/casino-site-ampmoon.top\/az\/haqqimizda\/"]}]},{"@type":"BreadcrumbList","@id":"https:\/\/casino-site-ampmoon.top\/az\/haqqimizda\/#breadcrumb","itemListElement":[{"@type":"ListItem","position":1,"name":"\u0413\u043b\u0430\u0432\u043d\u0430\u044f \u0441\u0442\u0440\u0430\u043d\u0438\u0446\u0430","item":"https:\/\/casino-site-ampmoon.top\/az\/"},{"@type":"ListItem","position":2,"name":"Haqq\u0131m\u0131zda"}]},{"@type":"WebSite","@id":"https:\/\/casino-site-ampmoon.top\/#website","url":"https:\/\/casino-site-ampmoon.top\/","name":"casino-site-ampmoon.top","description":"","potentialAction":[{"@type":"SearchAction","target":{"@type":"EntryPoint","urlTemplate":"https:\/\/casino-site-ampmoon.top\/?s={search_term_string}"},"query-input":{"@type":"PropertyValueSpecification","valueRequired":true,"valueName":"search_term_string"}}],"inLanguage":"ru-RU"}]}},"amp_enabled":true,"_links":{"self":[{"href":"https:\/\/casino-site-ampmoon.top\/wp-json\/wp\/v2\/pages\/2157","targetHints":{"allow":["GET"]}}],"collection":[{"href":"https:\/\/casino-site-ampmoon.top\/wp-json\/wp\/v2\/pages"}],"about":[{"href":"https:\/\/casino-site-ampmoon.top\/wp-json\/wp\/v2\/types\/page"}],"author":[{"embeddable":true,"href":"https:\/\/casino-site-ampmoon.top\/wp-json\/wp\/v2\/users\/1"}],"replies":[{"embeddable":true,"href":"https:\/\/casino-site-ampmoon.top\/wp-json\/wp\/v2\/comments?post=2157"}],"version-history":[{"count":4,"href":"https:\/\/casino-site-ampmoon.top\/wp-json\/wp\/v2\/pages\/2157\/revisions"}],"predecessor-version":[{"id":2194,"href":"https:\/\/casino-site-ampmoon.top\/wp-json\/wp\/v2\/pages\/2157\/revisions\/2194"}],"wp:attachment":[{"href":"https:\/\/casino-site-ampmoon.top\/wp-json\/wp\/v2\/media?parent=2157"}],"curies":[{"name":"wp","href":"https:\/\/api.w.org\/{rel}","templated":true}]}}